{"id":1649,"date":"2020-12-05T18:41:17","date_gmt":"2020-12-05T22:41:17","guid":{"rendered":"https:\/\/bgodgaming.cl\/?page_id=1649"},"modified":"2026-01-06T00:24:40","modified_gmt":"2026-01-06T04:24:40","slug":"precios-de-envio","status":"publish","type":"page","link":"https:\/\/bgodgaming.cl\/index.php\/precios-de-envio\/","title":{"rendered":"DESPACHO"},"content":{"rendered":"\n<ul class=\"wp-block-list\">\n<li>Si su comuna <strong>NO <\/strong>est\u00e1 en las listas se\u00f1aladas m\u00e1s abajo, su env\u00edo ser\u00e1 realizado a trav\u00e9s de la empresa externa <strong>Starken<\/strong>, con la modalidad <strong>env\u00edo por pagar<\/strong>, para lo cual puede realizar una simulaci\u00f3n del costo de env\u00edo en el siguiente enlace, ingresando las medidas y el peso: <a href=\"https:\/\/www.starken.cl\/cotizador\" target=\"_blank\" rel=\"noopener noreferrer\">Cotizador Starken<\/a>. El despacho se hace desde la comuna de <strong>Quilpu\u00e9<\/strong>.<\/li>\n\n\n\n<li><strong>Despacho Express<\/strong>, se realizar\u00e1 dentro de los siguientes tres d\u00edas h\u00e1biles desde que se confirm\u00f3 el pago o se recepcion\u00f3 el comprobante de transferencia respectivo.<\/li>\n\n\n\n<li>El <strong>Despacho Express<\/strong> es <strong>GRATIS<\/strong> s\u00f3lo si la compra incluye una silla gamer o un escritorio gamer.<\/li>\n<\/ul>\n\n\n\n<p class=\"has-large-font-size\"><strong>ENV\u00cdOS POR STARKEN<\/strong><\/p>\n\n\n\n<p>Al elegir este despacho, su pedido se har\u00e1 mediante la empresa externa Starken. Puede <strong>cotizar<\/strong> el env\u00edo en <a href=\"https:\/\/starken.cl\/\">https:\/\/starken.cl\/<\/a>, donde deber\u00e1 ingresar el Origen (Quilpu\u00e9) y el Destino (su comuna donde reside). Adem\u00e1s, debe ingresar el peso y las medidas, lo que encontrar\u00e1n en la pesta\u00f1a <strong>&#8220;informaci\u00f3n adicional&#8221;<\/strong> de cada producto de la web de BGOD Gaming.<\/p>\n\n\n<style>.wp-block-kadence-advancedheading.kt-adv-heading1649_af4262-07, .wp-block-kadence-advancedheading.kt-adv-heading1649_af4262-07[data-kb-block=\"kb-adv-heading1649_af4262-07\"]{font-style:normal;}.wp-block-kadence-advancedheading.kt-adv-heading1649_af4262-07 mark.kt-highlight, .wp-block-kadence-advancedheading.kt-adv-heading1649_af4262-07[data-kb-block=\"kb-adv-heading1649_af4262-07\"] mark.kt-highlight{font-style:normal;color:#f76a0c;-webkit-box-decoration-break:clone;box-decoration-break:clone;padding-top:0px;padding-right:0px;padding-bottom:0px;padding-left:0px;}.wp-block-kadence-advancedheading.kt-adv-heading1649_af4262-07 img.kb-inline-image, .wp-block-kadence-advancedheading.kt-adv-heading1649_af4262-07[data-kb-block=\"kb-adv-heading1649_af4262-07\"] img.kb-inline-image{width:150px;vertical-align:baseline;}<\/style>\n<h2 class=\"kt-adv-heading1649_af4262-07 wp-block-kadence-advancedheading\" data-kb-block=\"kb-adv-heading1649_af4262-07\">DESPACHO EXPRESS &#8211; REGI\u00d3N DE VALPARA\u00cdSO<\/h2>\n\n\n\n<p>Al elegir este despacho, considere que <strong>el valor no se cobra por la web<\/strong>. El monto del despacho se debe <strong>transferir<\/strong> a la cuenta bancaria de BGOD Gaming. Una vez confirmada la transferencia, se realizar\u00e1 el env\u00edo. Para agilizar el pedido, env\u00ede el comprobante de transferencia al whatsapp (569 3637 0165).<\/p>\n\n\n<style>.wp-block-kadence-iconlist.kt-svg-icon-list-items1649_988723-20:not(.this-stops-third-party-issues){margin-top:0px;margin-bottom:0px;}.wp-block-kadence-iconlist.kt-svg-icon-list-items1649_988723-20 ul.kt-svg-icon-list:not(.this-prevents-issues):not(.this-stops-third-party-issues):not(.tijsloc){margin-top:0px;margin-right:0px;margin-bottom:10px;margin-left:0px;}.wp-block-kadence-iconlist.kt-svg-icon-list-items1649_988723-20 ul.kt-svg-icon-list{grid-row-gap:5px;}.wp-block-kadence-iconlist.kt-svg-icon-list-items1649_988723-20 ul.kt-svg-icon-list .kt-svg-icon-list-item-wrap .kt-svg-icon-list-single{margin-right:10px;}<\/style>\n<div class=\"wp-block-kadence-iconlist kt-svg-icon-list-items kt-svg-icon-list-items1649_988723-20 kt-svg-icon-list-columns-1 alignnone\"><ul class=\"kt-svg-icon-list\"><style>.kt-svg-icon-list-item-1649_5145d9-7b .kt-svg-icon-list-single{font-size:20px !important;}.kt-svg-icon-list-item-1649_5145d9-7b .kt-svg-icon-list-text mark.kt-highlight{background-color:unset;font-style:normal;color:#f76a0c;-webkit-box-decoration-break:clone;box-decoration-break:clone;padding-top:0px;padding-right:0px;padding-bottom:0px;padding-left:0px;}<\/style>\n<li class=\"wp-block-kadence-listitem kt-svg-icon-list-item-wrap kt-svg-icon-list-item-1649_5145d9-7b kt-svg-icon-list-style-default\"><span class=\"kb-svg-icon-wrap kb-svg-icon-fe_checkCircle kt-svg-icon-list-single\"><svg viewBox=\"0 0 24 24\"  fill=\"none\" stroke=\"currentColor\" stroke-width=\"2\" stroke-linecap=\"round\" stroke-linejoin=\"round\" xmlns=\"http:\/\/www.w3.org\/2000\/svg\"  aria-hidden=\"true\"><path d=\"M22 11.08V12a10 10 0 1 1-5.93-9.14\"\/><polyline points=\"22 4 12 14.01 9 11.01\"\/><\/svg><\/span><span class=\"kt-svg-icon-list-text\"><strong>Quilpu\u00e9<\/strong>: $5.000<\/span><\/li>\n\n\n<style>.kt-svg-icon-list-item-1649_adb1a3-18 .kt-svg-icon-list-single{font-size:20px !important;}.kt-svg-icon-list-item-1649_adb1a3-18 .kt-svg-icon-list-text mark.kt-highlight{background-color:unset;font-style:normal;color:#f76a0c;-webkit-box-decoration-break:clone;box-decoration-break:clone;padding-top:0px;padding-right:0px;padding-bottom:0px;padding-left:0px;}<\/style>\n<li class=\"wp-block-kadence-listitem kt-svg-icon-list-item-wrap kt-svg-icon-list-item-1649_adb1a3-18 kt-svg-icon-list-style-default\"><span class=\"kb-svg-icon-wrap kb-svg-icon-fe_checkCircle kt-svg-icon-list-single\"><svg viewBox=\"0 0 24 24\"  fill=\"none\" stroke=\"currentColor\" stroke-width=\"2\" stroke-linecap=\"round\" stroke-linejoin=\"round\" xmlns=\"http:\/\/www.w3.org\/2000\/svg\"  aria-hidden=\"true\"><path d=\"M22 11.08V12a10 10 0 1 1-5.93-9.14\"\/><polyline points=\"22 4 12 14.01 9 11.01\"\/><\/svg><\/span><span class=\"kt-svg-icon-list-text\"><strong>Villa Alemana<\/strong>: $5.000<\/span><\/li>\n\n\n<style>.kt-svg-icon-list-item-1649_8eab03-6f .kt-svg-icon-list-single{font-size:20px !important;}.kt-svg-icon-list-item-1649_8eab03-6f .kt-svg-icon-list-text mark.kt-highlight{background-color:unset;font-style:normal;color:#f76a0c;-webkit-box-decoration-break:clone;box-decoration-break:clone;padding-top:0px;padding-right:0px;padding-bottom:0px;padding-left:0px;}<\/style>\n<li class=\"wp-block-kadence-listitem kt-svg-icon-list-item-wrap kt-svg-icon-list-item-1649_8eab03-6f kt-svg-icon-list-style-default\"><span class=\"kb-svg-icon-wrap kb-svg-icon-fe_checkCircle kt-svg-icon-list-single\"><svg viewBox=\"0 0 24 24\"  fill=\"none\" stroke=\"currentColor\" stroke-width=\"2\" stroke-linecap=\"round\" stroke-linejoin=\"round\" xmlns=\"http:\/\/www.w3.org\/2000\/svg\"  aria-hidden=\"true\"><path d=\"M22 11.08V12a10 10 0 1 1-5.93-9.14\"\/><polyline points=\"22 4 12 14.01 9 11.01\"\/><\/svg><\/span><span class=\"kt-svg-icon-list-text\"><strong>Limache<\/strong>: $5.000<\/span><\/li>\n\n\n<style>.kt-svg-icon-list-item-1649_1a3b69-87 .kt-svg-icon-list-single{font-size:20px !important;}.kt-svg-icon-list-item-1649_1a3b69-87 .kt-svg-icon-list-text mark.kt-highlight{background-color:unset;font-style:normal;color:#f76a0c;-webkit-box-decoration-break:clone;box-decoration-break:clone;padding-top:0px;padding-right:0px;padding-bottom:0px;padding-left:0px;}<\/style>\n<li class=\"wp-block-kadence-listitem kt-svg-icon-list-item-wrap kt-svg-icon-list-item-1649_1a3b69-87 kt-svg-icon-list-style-default\"><span class=\"kb-svg-icon-wrap kb-svg-icon-fe_checkCircle kt-svg-icon-list-single\"><svg viewBox=\"0 0 24 24\"  fill=\"none\" stroke=\"currentColor\" stroke-width=\"2\" stroke-linecap=\"round\" stroke-linejoin=\"round\" xmlns=\"http:\/\/www.w3.org\/2000\/svg\"  aria-hidden=\"true\"><path d=\"M22 11.08V12a10 10 0 1 1-5.93-9.14\"\/><polyline points=\"22 4 12 14.01 9 11.01\"\/><\/svg><\/span><span class=\"kt-svg-icon-list-text\"><strong>Vi\u00f1a del Mar<\/strong>: $5.000<\/span><\/li>\n\n\n<style>.kt-svg-icon-list-item-1649_1b8922-6c .kt-svg-icon-list-single{font-size:20px !important;}.kt-svg-icon-list-item-1649_1b8922-6c .kt-svg-icon-list-text mark.kt-highlight{background-color:unset;font-style:normal;color:#f76a0c;-webkit-box-decoration-break:clone;box-decoration-break:clone;padding-top:0px;padding-right:0px;padding-bottom:0px;padding-left:0px;}<\/style>\n<li class=\"wp-block-kadence-listitem kt-svg-icon-list-item-wrap kt-svg-icon-list-item-1649_1b8922-6c kt-svg-icon-list-style-default\"><span class=\"kb-svg-icon-wrap kb-svg-icon-fe_checkCircle kt-svg-icon-list-single\"><svg viewBox=\"0 0 24 24\"  fill=\"none\" stroke=\"currentColor\" stroke-width=\"2\" stroke-linecap=\"round\" stroke-linejoin=\"round\" xmlns=\"http:\/\/www.w3.org\/2000\/svg\"  aria-hidden=\"true\"><path d=\"M22 11.08V12a10 10 0 1 1-5.93-9.14\"\/><polyline points=\"22 4 12 14.01 9 11.01\"\/><\/svg><\/span><span class=\"kt-svg-icon-list-text\"><strong>Valpara\u00edso<\/strong>: $5.000<\/span><\/li>\n\n\n<style>.kt-svg-icon-list-item-1649_77dcb0-b5 .kt-svg-icon-list-single{font-size:20px !important;}.kt-svg-icon-list-item-1649_77dcb0-b5 .kt-svg-icon-list-text mark.kt-highlight{background-color:unset;font-style:normal;color:#f76a0c;-webkit-box-decoration-break:clone;box-decoration-break:clone;padding-top:0px;padding-right:0px;padding-bottom:0px;padding-left:0px;}<\/style>\n<li class=\"wp-block-kadence-listitem kt-svg-icon-list-item-wrap kt-svg-icon-list-item-1649_77dcb0-b5 kt-svg-icon-list-style-default\"><span class=\"kb-svg-icon-wrap kb-svg-icon-fe_checkCircle kt-svg-icon-list-single\"><svg viewBox=\"0 0 24 24\"  fill=\"none\" stroke=\"currentColor\" stroke-width=\"2\" stroke-linecap=\"round\" stroke-linejoin=\"round\" xmlns=\"http:\/\/www.w3.org\/2000\/svg\"  aria-hidden=\"true\"><path d=\"M22 11.08V12a10 10 0 1 1-5.93-9.14\"\/><polyline points=\"22 4 12 14.01 9 11.01\"\/><\/svg><\/span><span class=\"kt-svg-icon-list-text\"><strong>Conc\u00f3n<\/strong>: $5.000<\/span><\/li>\n<\/ul><\/div>\n\n\n\n<p><\/p>\n\n\n\n<p><\/p>\n","protected":false},"excerpt":{"rendered":"<p>ENV\u00cdOS POR STARKEN Al elegir este despacho, su pedido se har\u00e1 mediante la empresa externa Starken. Puede cotizar el env\u00edo en https:\/\/starken.cl\/, donde deber\u00e1 ingresar el Origen (Quilpu\u00e9) y el Destino (su comuna donde reside). Adem\u00e1s, debe ingresar el peso y las medidas, lo que encontrar\u00e1n en la pesta\u00f1a &#8220;informaci\u00f3n adicional&#8221; de cada producto de&#8230;<\/p>\n","protected":false},"author":1,"featured_media":0,"parent":0,"menu_order":0,"comment_status":"closed","ping_status":"closed","template":"","meta":{"_kad_post_transparent":"","_kad_post_title":"","_kad_post_layout":"","_kad_post_sidebar_id":"","_kad_post_content_style":"","_kad_post_vertical_padding":"","_kad_post_feature":"","_kad_post_feature_position":"","_kad_post_header":false,"_kad_post_footer":false,"_kad_post_classname":"","_joinchat":[],"footnotes":""},"class_list":["post-1649","page","type-page","status-publish","hentry"],"_links":{"self":[{"href":"https:\/\/bgodgaming.cl\/index.php\/wp-json\/wp\/v2\/pages\/1649","targetHints":{"allow":["GET"]}}],"collection":[{"href":"https:\/\/bgodgaming.cl\/index.php\/wp-json\/wp\/v2\/pages"}],"about":[{"href":"https:\/\/bgodgaming.cl\/index.php\/wp-json\/wp\/v2\/types\/page"}],"author":[{"embeddable":true,"href":"https:\/\/bgodgaming.cl\/index.php\/wp-json\/wp\/v2\/users\/1"}],"replies":[{"embeddable":true,"href":"https:\/\/bgodgaming.cl\/index.php\/wp-json\/wp\/v2\/comments?post=1649"}],"version-history":[{"count":47,"href":"https:\/\/bgodgaming.cl\/index.php\/wp-json\/wp\/v2\/pages\/1649\/revisions"}],"predecessor-version":[{"id":3744,"href":"https:\/\/bgodgaming.cl\/index.php\/wp-json\/wp\/v2\/pages\/1649\/revisions\/3744"}],"wp:attachment":[{"href":"https:\/\/bgodgaming.cl\/index.php\/wp-json\/wp\/v2\/media?parent=1649"}],"curies":[{"name":"wp","href":"https:\/\/api.w.org\/{rel}","templated":true}]}}