{"id":7,"date":"2020-10-06T21:38:29","date_gmt":"2020-10-07T01:38:29","guid":{"rendered":"http:\/\/bgodgaming.cl\/?post_type=product&#038;p=7"},"modified":"2025-12-21T22:28:00","modified_gmt":"2025-12-22T02:28:00","slug":"silla-gamer-rgb-black","status":"publish","type":"product","link":"https:\/\/bgodgaming.cl\/index.php\/product\/silla-gamer-rgb-black\/","title":{"rendered":"SILLA GAMER RGB BLACK &#8211; \u00a1\u00daLTIMAS UNIDADES!"},"content":{"rendered":"<ul>\n<li><strong>Producto:<\/strong> Silla Gamer RGB<\/li>\n<li><strong>Marca:<\/strong> BGOD Gaming<\/li>\n<li><strong>Modelo:<\/strong> RGB Black<\/li>\n<li><strong>Superficie:<\/strong> Cuero sint\u00e9tico de poliuretano (PU)<\/li>\n<li><strong>Relleno:<\/strong> Espuma de alta densidad<\/li>\n<li><strong>Luces RGB:<\/strong> Configurables mediante control remoto.<\/li>\n<li><strong>Marco respaldo y asiento:<\/strong> Met\u00e1lico<\/li>\n<li><strong>Base:<\/strong> Met\u00e1lica<\/li>\n<li><strong>Apoyabrazos:<\/strong> 4 direcciones (alto, lateral, profundidad y diagonal)<\/li>\n<li><strong>Pist\u00f3n de gas:<\/strong> Clase 4 (80 mm)<\/li>\n<li><strong>Mecanismo:<\/strong> Convencional (tipo mariposa) \/ funci\u00f3n de bloqueo de inclinaci\u00f3n<\/li>\n<li><strong>Ruedas:<\/strong> 60 mm<\/li>\n<li><strong>Coj\u00edn lumbar\/cervical:<\/strong> Si<\/li>\n<li><strong>Reclinaci\u00f3n:<\/strong> 180\u00b0<\/li>\n<li><strong>Peso soportado:<\/strong> 150 kg<\/li>\n<li><strong>Garant\u00eda:<\/strong> 1 a\u00f1o<\/li>\n<li><strong>Logos bordados:<\/strong> 3<\/li>\n<li><strong>Peso embalaje:<\/strong> 23 kg<\/li>\n<\/ul>\n<p><em><strong>*Nota: Las Sillas Gamer RGB no deben conectarse directo a la corriente el\u00e9ctrica. Conectar mediante USB a una bater\u00eda externa. La garant\u00eda de las luces es de 3 meses.<\/strong><\/em><\/p>\n","protected":false},"excerpt":{"rendered":"<p>Este modelo se conecta v\u00eda puerto <strong>USB<\/strong> o mediante una <strong>bater\u00eda externa<\/strong>, la cual no est\u00e1 incluida. Posee un control para personalizar las luces RGB en diversos colores, patrones de movimiento y velocidad.<\/p>\n<p><strong>DISPONIBLE SOLO PARA RETIRO EN BODEGA SANTIAGO O ENV\u00cdO POR STARKEN.<\/strong><\/p>\n","protected":false},"featured_media":2716,"comment_status":"open","ping_status":"closed","template":"","meta":{"_kad_post_transparent":"default","_kad_post_title":"","_kad_post_layout":"default","_kad_post_sidebar_id":"","_kad_post_content_style":"default","_kad_post_vertical_padding":"default","_kad_post_feature":"","_kad_post_feature_position":"","_kad_post_header":false,"_kad_post_footer":false,"_kad_post_classname":"","_joinchat":[]},"product_brand":[],"product_cat":[15,82],"product_tag":[80],"class_list":{"0":"post-7","1":"product","2":"type-product","3":"status-publish","4":"has-post-thumbnail","6":"product_cat-sillasgamer","7":"product_cat-sillas-rgb","8":"product_tag-rgb","10":"first","11":"instock","12":"sale","13":"taxable","14":"shipping-taxable","15":"purchasable","16":"product-type-simple","17":"entry","18":"content-bg","19":"loop-entry"},"_links":{"self":[{"href":"https:\/\/bgodgaming.cl\/index.php\/wp-json\/wp\/v2\/product\/7","targetHints":{"allow":["GET"]}}],"collection":[{"href":"https:\/\/bgodgaming.cl\/index.php\/wp-json\/wp\/v2\/product"}],"about":[{"href":"https:\/\/bgodgaming.cl\/index.php\/wp-json\/wp\/v2\/types\/product"}],"replies":[{"embeddable":true,"href":"https:\/\/bgodgaming.cl\/index.php\/wp-json\/wp\/v2\/comments?post=7"}],"wp:featuredmedia":[{"embeddable":true,"href":"https:\/\/bgodgaming.cl\/index.php\/wp-json\/wp\/v2\/media\/2716"}],"wp:attachment":[{"href":"https:\/\/bgodgaming.cl\/index.php\/wp-json\/wp\/v2\/media?parent=7"}],"wp:term":[{"taxonomy":"product_brand","embeddable":true,"href":"https:\/\/bgodgaming.cl\/index.php\/wp-json\/wp\/v2\/product_brand?post=7"},{"taxonomy":"product_cat","embeddable":true,"href":"https:\/\/bgodgaming.cl\/index.php\/wp-json\/wp\/v2\/product_cat?post=7"},{"taxonomy":"product_tag","embeddable":true,"href":"https:\/\/bgodgaming.cl\/index.php\/wp-json\/wp\/v2\/product_tag?post=7"}],"curies":[{"name":"wp","href":"https:\/\/api.w.org\/{rel}","templated":true}]}}